{"id":2223,"date":"2023-10-03T11:39:40","date_gmt":"2023-10-03T08:39:40","guid":{"rendered":"http:\/\/83.212.105.42\/?page_id=2223"},"modified":"2023-10-03T12:43:05","modified_gmt":"2023-10-03T09:43:05","slug":"policy","status":"publish","type":"page","link":"https:\/\/pedro.ericll.org\/pl\/policy\/","title":{"rendered":"Polityka"},"content":{"rendered":"<div data-elementor-type=\"wp-page\" data-elementor-id=\"2223\" class=\"elementor elementor-2223\" data-elementor-post-type=\"page\">\n\t\t\t\t<div class=\"elementor-element elementor-element-385b0163 e-con-full e-flex e-con e-parent\" data-id=\"385b0163\" data-element_type=\"container\" data-e-type=\"container\">\n\t\t<div class=\"elementor-element elementor-element-29aef24b e-con-full e-flex e-con e-parent\" data-id=\"29aef24b\" data-element_type=\"container\" data-e-type=\"container\">\n\t\t\t\t<div class=\"elementor-element elementor-element-6e903ecd elementor-widget elementor-widget-heading\" data-id=\"6e903ecd\" data-element_type=\"widget\" data-e-type=\"widget\" data-widget_type=\"heading.default\">\n\t\t\t\t<div class=\"elementor-widget-container\">\n\t\t\t\t\t<h1 class=\"elementor-heading-title elementor-size-default\">Polityka<\/h1>\t\t\t\t<\/div>\n\t\t\t\t<\/div>\n\t\t\t\t<div class=\"elementor-element elementor-element-191e2b19 elementor-widget-divider--view-line elementor-widget elementor-widget-divider\" data-id=\"191e2b19\" data-element_type=\"widget\" data-e-type=\"widget\" data-widget_type=\"divider.default\">\n\t\t\t\t<div class=\"elementor-widget-container\">\n\t\t\t\t\t\t\t<div class=\"elementor-divider\">\n\t\t\t<span class=\"elementor-divider-separator\">\n\t\t\t\t\t\t<\/span>\n\t\t<\/div>\n\t\t\t\t\t\t<\/div>\n\t\t\t\t<\/div>\n\t\t\t\t<\/div>\n\t\t<div class=\"elementor-element elementor-element-25ddbfc0 e-flex e-con-boxed e-con e-parent\" data-id=\"25ddbfc0\" data-element_type=\"container\" data-e-type=\"container\">\n\t\t\t\t\t<div class=\"e-con-inner\">\n\t\t\t\t<div class=\"elementor-element elementor-element-5d44459c elementor-widget elementor-widget-heading\" data-id=\"5d44459c\" data-element_type=\"widget\" data-e-type=\"widget\" data-widget_type=\"heading.default\">\n\t\t\t\t<div class=\"elementor-widget-container\">\n\t\t\t\t\t<h2 class=\"elementor-heading-title elementor-size-default\">Zrzeczenie si\u0119 odpowiedzialno\u015bci<\/h2>\t\t\t\t<\/div>\n\t\t\t\t<\/div>\n\t\t\t\t<div class=\"elementor-element elementor-element-1f9a8be elementor-widget elementor-widget-heading\" data-id=\"1f9a8be\" data-element_type=\"widget\" data-e-type=\"widget\" data-widget_type=\"heading.default\">\n\t\t\t\t<div class=\"elementor-widget-container\">\n\t\t\t\t\t<h4 class=\"elementor-heading-title elementor-size-default\">Poufno\u015b\u0107 danych medycznych i konsultacji medycznych<\/h4>\t\t\t\t<\/div>\n\t\t\t\t<\/div>\n\t\t\t\t<div class=\"elementor-element elementor-element-8006733 elementor-widget-divider--view-line elementor-widget elementor-widget-divider\" data-id=\"8006733\" data-element_type=\"widget\" data-e-type=\"widget\" data-widget_type=\"divider.default\">\n\t\t\t\t<div class=\"elementor-widget-container\">\n\t\t\t\t\t\t\t<div class=\"elementor-divider\">\n\t\t\t<span class=\"elementor-divider-separator\">\n\t\t\t\t\t\t<\/span>\n\t\t<\/div>\n\t\t\t\t\t\t<\/div>\n\t\t\t\t<\/div>\n\t\t\t\t<div class=\"elementor-element elementor-element-15278564 elementor-widget elementor-widget-text-editor\" data-id=\"15278564\" data-element_type=\"widget\" data-e-type=\"widget\" data-widget_type=\"text-editor.default\">\n\t\t\t\t<div class=\"elementor-widget-container\">\n\t\t\t\t\t\t\t\t\t<p>W PEDRO staramy si\u0119 zapewni\u0107 poufno\u015b\u0107 danych medycznych. Powa\u017cnie traktujemy swoj\u0105 prywatno\u015b\u0107 i przestrzegamy rygorystycznych \u015brodk\u00f3w bezpiecze\u0144stwa w celu ochrony poufnych informacji.<\/p><p>Jednak wa\u017cne jest, aby pami\u0119ta\u0107, \u017ce zalecenia lekarskie, prezentowane na naszej stronie maj\u0105 charakter wy\u0142\u0105cznie informacyjny i nie powinny by\u0107 traktowane jako wymiana profesjonalnych porad medycznych, diagnozowania lub leczenia. Nasz system przeznaczony jest do pomocy i nauki, ale nie zast\u0119puje konsultacji z wykwalifikowanym specjalist\u0105 opieki zdrowotnej.<\/p><p>Chocia\u017c zapewniamy najwy\u017csze standardy bezpiecze\u0144stwa danych, nie mo\u017cemy zagwarantowa\u0107 absolutn\u0105 ochron\u0119 od wszystkich potencjalnych zagro\u017ce\u0144. Dlatego zalecamy zachowa\u0107 ostro\u017cno\u015b\u0107 przy przekazywaniu osobistych informacji. Zawsze nale\u017cy skonsultowa\u0107 si\u0119 z licencjonowanym lekarzem specjalist\u0105 przed podj\u0119ciem decyzji o swoje zdrowie lub opcjach leczenia.<\/p><p>Korzystaj\u0105c z naszej witryny, u\u017cytkownik przyjmuje do wiadomo\u015bci i zgadza si\u0119, \u017ce podane przez ciebie informacje mog\u0105 by\u0107 wykorzystane do poprawy naszych us\u0142ug, ale b\u0119dziemy to robi\u0107 z maksymalnym szacunkiem do twojej prywatno\u015bci.<\/p><p>Pami\u0119taj, \u017ce twoje zdrowie jest bezcenne, i nic nie mo\u017ce zast\u0105pi\u0107 do\u015bwiadczenia i indywidualn\u0105 opiek\u0119 specjalisty opieki zdrowotnej. Skorzystaj z naszej platformy jako dodatkowego zasobu i skonsultowa\u0107 si\u0119 z pracownikiem s\u0142u\u017cby zdrowia, aby uzyska\u0107 spersonalizowanych rekomendacji. Je\u015bli masz jakiekolwiek w\u0105tpliwo\u015bci lub pytania dotycz\u0105ce ochrony prywatno\u015bci twoich danych lub korzystania z naszych us\u0142ug, prosz\u0119 nie wahaj si\u0119 skontaktowa\u0107 z nami.<\/p><p>Dzi\u0119kujemy za to, \u017ce powierzyli nam swoje \u017c\u0105dania, zwi\u0105zane ze zdrowiem.<\/p><p>PEDRO<\/p><p>10\/03\/2023<\/p>\t\t\t\t\t\t\t\t<\/div>\n\t\t\t\t<\/div>\n\t\t\t\t\t<\/div>\n\t\t\t\t<\/div>\n\t\t<div class=\"elementor-element elementor-element-1f409b5 e-flex e-con-boxed e-con e-parent\" data-id=\"1f409b5\" data-element_type=\"container\" data-e-type=\"container\">\n\t\t\t\t\t<div class=\"e-con-inner\">\n\t\t\t\t<div class=\"elementor-element elementor-element-17fb4d1 elementor-widget elementor-widget-heading\" data-id=\"17fb4d1\" data-element_type=\"widget\" data-e-type=\"widget\" data-widget_type=\"heading.default\">\n\t\t\t\t<div class=\"elementor-widget-container\">\n\t\t\t\t\t<h2 class=\"elementor-heading-title elementor-size-default\">Pliki cookie<\/h2>\t\t\t\t<\/div>\n\t\t\t\t<\/div>\n\t\t\t\t<div class=\"elementor-element elementor-element-9ddc375 elementor-widget-divider--view-line elementor-widget elementor-widget-divider\" data-id=\"9ddc375\" data-element_type=\"widget\" data-e-type=\"widget\" data-widget_type=\"divider.default\">\n\t\t\t\t<div class=\"elementor-widget-container\">\n\t\t\t\t\t\t\t<div class=\"elementor-divider\">\n\t\t\t<span class=\"elementor-divider-separator\">\n\t\t\t\t\t\t<\/span>\n\t\t<\/div>\n\t\t\t\t\t\t<\/div>\n\t\t\t\t<\/div>\n\t\t\t\t<div class=\"elementor-element elementor-element-ada8fc2 elementor-widget elementor-widget-text-editor\" data-id=\"ada8fc2\" data-element_type=\"widget\" data-e-type=\"widget\" data-widget_type=\"text-editor.default\">\n\t\t\t\t<div class=\"elementor-widget-container\">\n\t\t\t\t\t\t\t\t\t<p>Ta strona wykorzystuje pliki cookie. Pliki cookies nie powoduj\u0105 \u017cadnych szk\u00f3d w pa\u0144stwa komputerze i nie zawieraj\u0105 wirus\u00f3w. Pliki cookies pomagaj\u0105 nam zapewni\u0107 pa\u0144stwu bardziej bezpieczny, wygodny i skuteczny serwis.<\/p><p>Pliki cookie to ma\u0142e pliki tekstowe, kt\u00f3re s\u0105 pobierane na komputer u\u017cytkownika i zapisywane w przegl\u0105darce.<\/p><p>Wi\u0119kszo\u015b\u0107 u\u017cywanych przez nas plik\u00f3w cookie - jest to tzw. &#034;sesyjne pliki cookie&#034;, kt\u00f3re s\u0105 automatycznie usuwane na koniec wizyty.<\/p><p>Inne pliki cookie pozostaj\u0105 na twoim urz\u0105dzeniu tak d\u0142ugo, dop\u00f3ki ich nie usuniesz. Te pliki cookie pozwalaj\u0105 nam rozpozna\u0107 twoj\u0105 przegl\u0105dark\u0119 przy nast\u0119pnej wizycie.<\/p><p><br \/>Mo\u017cna dostosowa\u0107 ustawienia swojej przegl\u0105darki w taki spos\u00f3b, aby powiadomi\u0107 was o instalacji plik\u00f3w cookie i domaga\u0107 si\u0119 zgody na instalacj\u0119 plik\u00f3w cookie w ka\u017cdym przypadku, rezygnacji z plik\u00f3w cookie w konkretnych przypadkach lub w og\u00f3le, a tak\u017ce automatycznie usuwa\u0107 pliki cookie po zamkni\u0119ciu przegl\u0105darki.<\/p><p>Prosz\u0119 zwr\u00f3ci\u0107 uwag\u0119, \u017ce wy\u0142\u0105czenie plik\u00f3w cookie mo\u017ce spowodowa\u0107 utrat\u0119 funkcjonalno\u015bci.<\/p>\t\t\t\t\t\t\t\t<\/div>\n\t\t\t\t<\/div>\n\t\t\t\t\t<\/div>\n\t\t\t\t<\/div>\n\t\t<div class=\"elementor-element elementor-element-1cdc6b6 e-flex e-con-boxed e-con e-parent\" data-id=\"1cdc6b6\" data-element_type=\"container\" data-e-type=\"container\">\n\t\t\t\t\t<div class=\"e-con-inner\">\n\t\t\t\t<div class=\"elementor-element elementor-element-8bea827 elementor-widget elementor-widget-heading\" data-id=\"8bea827\" data-element_type=\"widget\" data-e-type=\"widget\" data-widget_type=\"heading.default\">\n\t\t\t\t<div class=\"elementor-widget-container\">\n\t\t\t\t\t<h2 class=\"elementor-heading-title elementor-size-default\">Pliki dziennika serwera<\/h2>\t\t\t\t<\/div>\n\t\t\t\t<\/div>\n\t\t\t\t<div class=\"elementor-element elementor-element-c1d9eaf elementor-widget-divider--view-line elementor-widget elementor-widget-divider\" data-id=\"c1d9eaf\" data-element_type=\"widget\" data-e-type=\"widget\" data-widget_type=\"divider.default\">\n\t\t\t\t<div class=\"elementor-widget-container\">\n\t\t\t\t\t\t\t<div class=\"elementor-divider\">\n\t\t\t<span class=\"elementor-divider-separator\">\n\t\t\t\t\t\t<\/span>\n\t\t<\/div>\n\t\t\t\t\t\t<\/div>\n\t\t\t\t<\/div>\n\t\t\t\t<div class=\"elementor-element elementor-element-9f10db5 elementor-widget elementor-widget-text-editor\" data-id=\"9f10db5\" data-element_type=\"widget\" data-e-type=\"widget\" data-widget_type=\"text-editor.default\">\n\t\t\t\t<div class=\"elementor-widget-container\">\n\t\t\t\t\t\t\t\t\t<p>Operator tej strony automatycznie zbiera i przechowuje informacje w tak zwanych plikach dziennika serwera, kt\u00f3re s\u0105 automatycznie wysy\u0142ane przez przegl\u0105dark\u0119. To:<\/p><p>Typ \/ wersja przegl\u0105darki przegl\u0105darki<br \/>System operacyjny<br \/>Adres URL Kieruj\u0105cych<br \/>Nazwa hosta komputera, do kt\u00f3rego chcesz uzyska\u0107 dost\u0119p<br \/>Czas zapytania do serwera<\/p><p>Informacja ta nie mo\u017ce by\u0107 przywi\u0105zana do konkretnych os\u00f3b i nie b\u0119dzie \u0142\u0105czy\u0107 si\u0119 z informacjami z innych \u017ar\u00f3de\u0142 danych. Zastrzegamy sobie prawo do sprawdzenia informacji na p\u00f3\u017aniejszym etapie, je\u015bli pojawi\u0105 si\u0119 u nas konkretne dowody na to, \u017ce jest ona wykorzystywana niezgodnie z prawem.<\/p>\t\t\t\t\t\t\t\t<\/div>\n\t\t\t\t<\/div>\n\t\t\t\t\t<\/div>\n\t\t\t\t<\/div>\n\t\t<div class=\"elementor-element elementor-element-6ddb8a8 e-flex e-con-boxed e-con e-parent\" data-id=\"6ddb8a8\" data-element_type=\"container\" data-e-type=\"container\">\n\t\t\t\t\t<div class=\"e-con-inner\">\n\t\t\t\t<div class=\"elementor-element elementor-element-ea89738 elementor-widget elementor-widget-heading\" data-id=\"ea89738\" data-element_type=\"widget\" data-e-type=\"widget\" data-widget_type=\"heading.default\">\n\t\t\t\t<div class=\"elementor-widget-container\">\n\t\t\t\t\t<h2 class=\"elementor-heading-title elementor-size-default\">Formularz kontaktowy<\/h2>\t\t\t\t<\/div>\n\t\t\t\t<\/div>\n\t\t\t\t<div class=\"elementor-element elementor-element-1e24228 elementor-widget-divider--view-line elementor-widget elementor-widget-divider\" data-id=\"1e24228\" data-element_type=\"widget\" data-e-type=\"widget\" data-widget_type=\"divider.default\">\n\t\t\t\t<div class=\"elementor-widget-container\">\n\t\t\t\t\t\t\t<div class=\"elementor-divider\">\n\t\t\t<span class=\"elementor-divider-separator\">\n\t\t\t\t\t\t<\/span>\n\t\t<\/div>\n\t\t\t\t\t\t<\/div>\n\t\t\t\t<\/div>\n\t\t\t\t<div class=\"elementor-element elementor-element-e9f1548 elementor-widget elementor-widget-text-editor\" data-id=\"e9f1548\" data-element_type=\"widget\" data-e-type=\"widget\" data-widget_type=\"text-editor.default\">\n\t\t\t\t<div class=\"elementor-widget-container\">\n\t\t\t\t\t\t\t\t\t<p>Je\u015bli wy\u015blesz do nas zapytanie, korzystaj\u0105c z formularza kontaktowego, zachowamy sw\u00f3j wniosek, w tym wszelkie dane, kt\u00f3re poda\u0142e\u015b w celu rozpatrzenia wniosku i wszelkich kolejnych pyta\u0144. Nie b\u0119dziemy przekazywa\u0107 takie dane bez twojej zgody.<\/p>\t\t\t\t\t\t\t\t<\/div>\n\t\t\t\t<\/div>\n\t\t\t\t\t<\/div>\n\t\t\t\t<\/div>\n\t\t\t\t<\/div>\n\t\t\t\t<\/div>","protected":false},"excerpt":{"rendered":"<p>Policy Disclaimer Privacy of Medical Data and Healthcare Advice At PEDRO, we are committed to safeguarding the privacy and confidentiality of your medical data. We take your privacy seriously and adhere to strict security measures to protect your sensitive information. However, it is important to note that the healthcare advice provided on our website is [&hellip;]<\/p>\n","protected":false},"author":1,"featured_media":0,"parent":0,"menu_order":0,"comment_status":"closed","ping_status":"closed","template":"","meta":{"footnotes":""},"class_list":["post-2223","page","type-page","status-publish","hentry"],"_links":{"self":[{"href":"https:\/\/pedro.ericll.org\/pl\/wp-json\/wp\/v2\/pages\/2223","targetHints":{"allow":["GET"]}}],"collection":[{"href":"https:\/\/pedro.ericll.org\/pl\/wp-json\/wp\/v2\/pages"}],"about":[{"href":"https:\/\/pedro.ericll.org\/pl\/wp-json\/wp\/v2\/types\/page"}],"author":[{"embeddable":true,"href":"https:\/\/pedro.ericll.org\/pl\/wp-json\/wp\/v2\/users\/1"}],"replies":[{"embeddable":true,"href":"https:\/\/pedro.ericll.org\/pl\/wp-json\/wp\/v2\/comments?post=2223"}],"version-history":[{"count":13,"href":"https:\/\/pedro.ericll.org\/pl\/wp-json\/wp\/v2\/pages\/2223\/revisions"}],"predecessor-version":[{"id":2258,"href":"https:\/\/pedro.ericll.org\/pl\/wp-json\/wp\/v2\/pages\/2223\/revisions\/2258"}],"wp:attachment":[{"href":"https:\/\/pedro.ericll.org\/pl\/wp-json\/wp\/v2\/media?parent=2223"}],"curies":[{"name":"wp","href":"https:\/\/api.w.org\/{rel}","templated":true}]}}