{"id":2730,"date":"2024-07-11T14:53:14","date_gmt":"2024-07-11T11:53:14","guid":{"rendered":"https:\/\/pedro.ericll.org\/?page_id=2730"},"modified":"2024-07-30T12:01:25","modified_gmt":"2024-07-30T09:01:25","slug":"guide","status":"publish","type":"page","link":"https:\/\/pedro.ericll.org\/pl\/guide\/","title":{"rendered":"Podr\u0119cznik"},"content":{"rendered":"<div data-elementor-type=\"wp-page\" data-elementor-id=\"2730\" class=\"elementor elementor-2730\" data-elementor-post-type=\"page\">\n\t\t\t\t<div class=\"elementor-element elementor-element-3e975023 e-con-full e-flex e-con e-parent\" data-id=\"3e975023\" data-element_type=\"container\" data-e-type=\"container\">\n\t\t<div class=\"elementor-element elementor-element-59efb150 e-con-full e-flex e-con e-child\" data-id=\"59efb150\" data-element_type=\"container\" data-e-type=\"container\">\n\t\t\t\t<div class=\"elementor-element elementor-element-53ac4937 elementor-widget elementor-widget-heading\" data-id=\"53ac4937\" data-element_type=\"widget\" data-e-type=\"widget\" data-widget_type=\"heading.default\">\n\t\t\t\t<div class=\"elementor-widget-container\">\n\t\t\t\t\t<h1 class=\"elementor-heading-title elementor-size-default\">Samouczek PEDRO<\/h1>\t\t\t\t<\/div>\n\t\t\t\t<\/div>\n\t\t\t\t<div class=\"elementor-element elementor-element-64dfc723 elementor-widget-divider--view-line elementor-widget elementor-widget-divider\" data-id=\"64dfc723\" data-element_type=\"widget\" data-e-type=\"widget\" data-widget_type=\"divider.default\">\n\t\t\t\t<div class=\"elementor-widget-container\">\n\t\t\t\t\t\t\t<div class=\"elementor-divider\">\n\t\t\t<span class=\"elementor-divider-separator\">\n\t\t\t\t\t\t<\/span>\n\t\t<\/div>\n\t\t\t\t\t\t<\/div>\n\t\t\t\t<\/div>\n\t\t\t\t<\/div>\n\t\t\t\t<div class=\"elementor-element elementor-element-bf2ce30 elementor-widget elementor-widget-text-editor\" data-id=\"bf2ce30\" data-element_type=\"widget\" data-e-type=\"widget\" data-widget_type=\"text-editor.default\">\n\t\t\t\t<div class=\"elementor-widget-container\">\n\t\t\t\t\t\t\t\t\tWitamy na platformie PEDRO, w kt\u00f3rym do\u015bwiadczenie wsp\u00f3\u0142gra z innowacjami w leczeniu przewlek\u0142ej bia\u0142aczki limfatycznej (CLL). <br>Zapoznaj si\u0119 z naszymi instrukcjami, aby dowiedzie\u0107 si\u0119, jak ta platforma e-zdrowia mo\u017ce przekszta\u0142ci\u0107 piel\u0119gnacja pacjent\u00f3w z CLL poprzez popraw\u0119 komunikacji i wsparcia.\t\t\t\t\t\t\t\t<\/div>\n\t\t\t\t<\/div>\n\t\t\t\t<\/div>\n\t\t<div class=\"elementor-element elementor-element-31084ae e-flex e-con-boxed e-con e-parent\" data-id=\"31084ae\" data-element_type=\"container\" data-e-type=\"container\">\n\t\t\t\t\t<div class=\"e-con-inner\">\n\t\t<div class=\"elementor-element elementor-element-9dbaa89 e-flex e-con-boxed e-con e-child\" data-id=\"9dbaa89\" data-element_type=\"container\" data-e-type=\"container\">\n\t\t\t\t\t<div class=\"e-con-inner\">\n\t\t<div class=\"elementor-element elementor-element-11b8a5f e-flex e-con-boxed e-con e-child\" data-id=\"11b8a5f\" data-element_type=\"container\" data-e-type=\"container\">\n\t\t\t\t\t<div class=\"e-con-inner\">\n\t\t\t\t<div class=\"elementor-element elementor-element-eddede5 elementor-widget elementor-widget-heading\" data-id=\"eddede5\" data-element_type=\"widget\" data-e-type=\"widget\" data-widget_type=\"heading.default\">\n\t\t\t\t<div class=\"elementor-widget-container\">\n\t\t\t\t\t<h2 class=\"elementor-heading-title elementor-size-default\">Wprowadzenie do PEDRO: Innowacyjne podej\u015bcie do leczenia pacjent\u00f3w z CLL<\/h2>\t\t\t\t<\/div>\n\t\t\t\t<\/div>\n\t\t\t\t<div class=\"elementor-element elementor-element-3487082 elementor-widget elementor-widget-text-editor\" data-id=\"3487082\" data-element_type=\"widget\" data-e-type=\"widget\" data-widget_type=\"text-editor.default\">\n\t\t\t\t<div class=\"elementor-widget-container\">\n\t\t\t\t\t\t\t\t\t<p>Zapoznaj si\u0119 z funkcjami i podstawowymi wizj\u0105 platformy PEDRO w tym kr\u00f3tkim filmie reklamowym. Dowiedz si\u0119, jak PEDRO poprawia zarz\u0105dzanie leczenia CLL, u\u0142atwiaj\u0105c nieprzerwan\u0105 komunikacj\u0119 pomi\u0119dzy lekarzami i nasz wyspecjalizowany zesp\u00f3\u0142 wsparcia. Odkryj unikalne funkcje platformy, w tym Prywatny kana\u0142 komunikacji, Publiczne forum i Analityczne panel, przeznaczone do poprawy jako\u015bci \u017cycia pacjent\u00f3w z CLL.<\/p>\t\t\t\t\t\t\t\t<\/div>\n\t\t\t\t<\/div>\n\t\t\t\t\t<\/div>\n\t\t\t\t<\/div>\n\t\t<div class=\"elementor-element elementor-element-3675a4f e-flex e-con-boxed e-con e-child\" data-id=\"3675a4f\" data-element_type=\"container\" data-e-type=\"container\">\n\t\t\t\t\t<div class=\"e-con-inner\">\n\t\t\t\t<div class=\"elementor-element elementor-element-ee617ee elementor-widget elementor-widget-video\" data-id=\"ee617ee\" data-element_type=\"widget\" data-e-type=\"widget\" data-settings=\"{&quot;youtube_url&quot;:&quot;https:\\\/\\\/youtu.be\\\/5zYydng3xzI?si=Hr7622Z0Nf_5Af1L&quot;,&quot;lazy_load&quot;:&quot;yes&quot;,&quot;video_type&quot;:&quot;youtube&quot;,&quot;controls&quot;:&quot;yes&quot;}\" data-widget_type=\"video.default\">\n\t\t\t\t<div class=\"elementor-widget-container\">\n\t\t\t\t\t\t\t<div class=\"elementor-wrapper elementor-open-inline\">\n\t\t\t<div class=\"elementor-video\"><\/div>\t\t<\/div>\n\t\t\t\t\t\t<\/div>\n\t\t\t\t<\/div>\n\t\t\t\t\t<\/div>\n\t\t\t\t<\/div>\n\t\t\t\t\t<\/div>\n\t\t\t\t<\/div>\n\t\t\t\t\t<\/div>\n\t\t\t\t<\/div>\n\t\t<div class=\"elementor-element elementor-element-7fb8f63 e-flex e-con-boxed e-con e-parent\" data-id=\"7fb8f63\" data-element_type=\"container\" data-e-type=\"container\">\n\t\t\t\t\t<div class=\"e-con-inner\">\n\t\t\t\t<div class=\"elementor-element elementor-element-79d6938 elementor-headline--style-highlight elementor-widget elementor-widget-animated-headline\" data-id=\"79d6938\" data-element_type=\"widget\" data-e-type=\"widget\" data-settings=\"{&quot;marker&quot;:&quot;underline&quot;,&quot;highlighted_text&quot;:&quot;PEDRO&quot;,&quot;highlight_animation_duration&quot;:4000,&quot;headline_style&quot;:&quot;highlight&quot;}\" data-widget_type=\"animated-headline.default\">\n\t\t\t\t<div class=\"elementor-widget-container\">\n\t\t\t\t\t\t\t<h3 class=\"elementor-headline\">\n\t\t\t\t\t<span class=\"elementor-headline-plain-text elementor-headline-text-wrapper\">Pocz\u0105tek pracy z <\/span>\n\t\t\t\t<span class=\"elementor-headline-dynamic-wrapper elementor-headline-text-wrapper\">\n\t\t\t\t\t<span class=\"elementor-headline-dynamic-text elementor-headline-text-active\">PEDRO<\/span>\n\t\t\t\t<\/span>\n\t\t\t\t<\/h3>\n\t\t\t\t\t\t<\/div>\n\t\t\t\t<\/div>\n\t\t<div class=\"elementor-element elementor-element-9081043 e-flex e-con-boxed e-con e-child\" data-id=\"9081043\" data-element_type=\"container\" data-e-type=\"container\">\n\t\t\t\t\t<div class=\"e-con-inner\">\n\t\t<div class=\"elementor-element elementor-element-b311dab e-flex e-con-boxed e-con e-child\" data-id=\"b311dab\" data-element_type=\"container\" data-e-type=\"container\">\n\t\t\t\t\t<div class=\"e-con-inner\">\n\t\t\t\t<div class=\"elementor-element elementor-element-f6ab177 elementor-widget elementor-widget-heading\" data-id=\"f6ab177\" data-element_type=\"widget\" data-e-type=\"widget\" data-widget_type=\"heading.default\">\n\t\t\t\t<div class=\"elementor-widget-container\">\n\t\t\t\t\t<h2 class=\"elementor-heading-title elementor-size-default\">Case-mened\u017cerowie i cz\u0142onkowie zarz\u0105du<\/h2>\t\t\t\t<\/div>\n\t\t\t\t<\/div>\n\t\t\t\t<div class=\"elementor-element elementor-element-c0d2168 elementor-widget elementor-widget-text-editor\" data-id=\"c0d2168\" data-element_type=\"widget\" data-e-type=\"widget\" data-widget_type=\"text-editor.default\">\n\t\t\t\t<div class=\"elementor-widget-container\">\n\t\t\t\t\t\t\t\t\t<p>Jest to podr\u0119cznik wprowadza mened\u017cer\u00f3w i cz\u0142onk\u00f3w zarz\u0105du z podstawowymi funkcjami platformy PEDRO. Dowiedz si\u0119, jak skutecznie zarz\u0105dza\u0107 sprawami z dzia\u0142em obs\u0142ugi klienta, koordynowanie dzia\u0142a\u0144 z dzia\u0142em obs\u0142ugi klienta i kontroli rozdzielczo\u015b\u0107 pojemnikach. W podr\u0119czniku opowiada o prywatnym kanale komunikacji do przetwarzania poufnych wiadomo\u015bci i zapoznaje si\u0119 z analitycznej panelem do monitorowania i podejmowania decyzji. &#034;<\/p>\t\t\t\t\t\t\t\t<\/div>\n\t\t\t\t<\/div>\n\t\t\t\t<div class=\"elementor-element elementor-element-b6fcda3 elementor-widget elementor-widget-video\" data-id=\"b6fcda3\" data-element_type=\"widget\" data-e-type=\"widget\" data-settings=\"{&quot;youtube_url&quot;:&quot;https:\\\/\\\/youtu.be\\\/R8tLldmzEDs?si=mN5YA45oi_OEKkat&quot;,&quot;lazy_load&quot;:&quot;yes&quot;,&quot;video_type&quot;:&quot;youtube&quot;,&quot;controls&quot;:&quot;yes&quot;}\" data-widget_type=\"video.default\">\n\t\t\t\t<div class=\"elementor-widget-container\">\n\t\t\t\t\t\t\t<div class=\"elementor-wrapper elementor-open-inline\">\n\t\t\t<div class=\"elementor-video\"><\/div>\t\t<\/div>\n\t\t\t\t\t\t<\/div>\n\t\t\t\t<\/div>\n\t\t\t\t\t<\/div>\n\t\t\t\t<\/div>\n\t\t<div class=\"elementor-element elementor-element-5bf0124 e-flex e-con-boxed e-con e-child\" data-id=\"5bf0124\" data-element_type=\"container\" data-e-type=\"container\">\n\t\t\t\t\t<div class=\"e-con-inner\">\n\t\t\t\t<div class=\"elementor-element elementor-element-d95103e elementor-widget elementor-widget-heading\" data-id=\"d95103e\" data-element_type=\"widget\" data-e-type=\"widget\" data-widget_type=\"heading.default\">\n\t\t\t\t<div class=\"elementor-widget-container\">\n\t\t\t\t\t<h2 class=\"elementor-heading-title elementor-size-default\">Pracownicy s\u0142u\u017cby zdrowia (HCP)<\/h2>\t\t\t\t<\/div>\n\t\t\t\t<\/div>\n\t\t\t\t<div class=\"elementor-element elementor-element-c23c5a8 elementor-widget elementor-widget-text-editor\" data-id=\"c23c5a8\" data-element_type=\"widget\" data-e-type=\"widget\" data-widget_type=\"text-editor.default\">\n\t\t\t\t<div class=\"elementor-widget-container\">\n\t\t\t\t\t\t\t\t\t<p>Podr\u0119cznik ten, opracowany specjalnie dla pracownik\u00f3w s\u0142u\u017cby zdrowia, pokazuje, jak wykorzysta\u0107 platform\u0119 PEDRO w kontek\u015bcie leczenia CLL. Dowiedz si\u0119, jak komunikowa\u0107 si\u0119 z dzia\u0142em obs\u0142ugi klienta, dost\u0119p do \u015brodk\u00f3w na forum i wprowadza\u0107 do niego sw\u00f3j wk\u0142ad, a tak\u017ce korzysta\u0107 z prawdziwych tematyczne bada\u0144 w celu informowania praktyki klinicznej. Uzyskaj wgl\u0105d w efektywnym zarz\u0105dzaniu ADR \/ DDIs i zwi\u0119kszenie zaanga\u017cowania pacjent\u00f3w za pomoc\u0105 platformy.<\/p>\t\t\t\t\t\t\t\t<\/div>\n\t\t\t\t<\/div>\n\t\t\t\t<div class=\"elementor-element elementor-element-5f4fc08 elementor-widget elementor-widget-video\" data-id=\"5f4fc08\" data-element_type=\"widget\" data-e-type=\"widget\" data-settings=\"{&quot;youtube_url&quot;:&quot;https:\\\/\\\/youtu.be\\\/Mx3zkx3mAv4?si=yk3eZyO8HVnVo-LM&quot;,&quot;lazy_load&quot;:&quot;yes&quot;,&quot;video_type&quot;:&quot;youtube&quot;,&quot;controls&quot;:&quot;yes&quot;}\" data-widget_type=\"video.default\">\n\t\t\t\t<div class=\"elementor-widget-container\">\n\t\t\t\t\t\t\t<div class=\"elementor-wrapper elementor-open-inline\">\n\t\t\t<div class=\"elementor-video\"><\/div>\t\t<\/div>\n\t\t\t\t\t\t<\/div>\n\t\t\t\t<\/div>\n\t\t\t\t\t<\/div>\n\t\t\t\t<\/div>\n\t\t\t\t\t<\/div>\n\t\t\t\t<\/div>\n\t\t\t\t\t<\/div>\n\t\t\t\t<\/div>\n\t\t\t\t<\/div>","protected":false},"excerpt":{"rendered":"<p>PEDRO Tutorial Welcome to the PEDRO platform, where expertise meets innovation in the management of Chronic Lymphocytic Leukemia (CLL). Dive into our tutorials to discover how this eHealth platform can transform CLL patient care through enhanced communication and support. Introduction to PEDRO: Pioneering CLL Patient Care Explore the capabilities and the core vision of the [&hellip;]<\/p>\n","protected":false},"author":1,"featured_media":0,"parent":0,"menu_order":0,"comment_status":"closed","ping_status":"closed","template":"","meta":{"footnotes":""},"class_list":["post-2730","page","type-page","status-publish","hentry"],"_links":{"self":[{"href":"https:\/\/pedro.ericll.org\/pl\/wp-json\/wp\/v2\/pages\/2730","targetHints":{"allow":["GET"]}}],"collection":[{"href":"https:\/\/pedro.ericll.org\/pl\/wp-json\/wp\/v2\/pages"}],"about":[{"href":"https:\/\/pedro.ericll.org\/pl\/wp-json\/wp\/v2\/types\/page"}],"author":[{"embeddable":true,"href":"https:\/\/pedro.ericll.org\/pl\/wp-json\/wp\/v2\/users\/1"}],"replies":[{"embeddable":true,"href":"https:\/\/pedro.ericll.org\/pl\/wp-json\/wp\/v2\/comments?post=2730"}],"version-history":[{"count":33,"href":"https:\/\/pedro.ericll.org\/pl\/wp-json\/wp\/v2\/pages\/2730\/revisions"}],"predecessor-version":[{"id":2820,"href":"https:\/\/pedro.ericll.org\/pl\/wp-json\/wp\/v2\/pages\/2730\/revisions\/2820"}],"wp:attachment":[{"href":"https:\/\/pedro.ericll.org\/pl\/wp-json\/wp\/v2\/media?parent=2730"}],"curies":[{"name":"wp","href":"https:\/\/api.w.org\/{rel}","templated":true}]}}